{"id":479,"date":"2025-07-04T11:23:55","date_gmt":"2025-07-04T09:23:55","guid":{"rendered":"https:\/\/suav.studneo.com\/?page_id=479"},"modified":"2025-07-04T11:23:55","modified_gmt":"2025-07-04T09:23:55","slug":"mentions-legales","status":"publish","type":"page","link":"https:\/\/suav.studneo.com\/en\/mentions-legales\/","title":{"rendered":"Mentions l\u00e9gales"},"content":{"rendered":"<p>Mentions legales &#8211; SUAV<\/p>\n\n\n\n<p>Derni\u00e8re mise \u00e0 jour : Juin 2025<\/p>\n\n\n\n<p>\u00c9diteur du site :<\/p>\n\n\n\n<p>Le site https:\/\/suav.studneo.com est edite par :<\/p>\n\n\n\n<p>SUAV &#8211; Projet pilote<\/p>\n\n\n\n<p>Responsable de publication : [Nom ou Raison sociale]<\/p>\n\n\n\n<p>Adresse : [Adresse postale compl\u00e8te]<\/p>\n\n\n\n<p>Email : [Email de contact]<\/p>\n\n\n\n<p>SIRET : [Numero SIRET]<\/p>\n\n\n\n<p>Hebergement :<\/p>\n\n\n\n<p>Le site est heberge par :<\/p>\n\n\n\n<p>[Nom de l&rsquo;hebergeur]<\/p>\n\n\n\n<p>Adresse : [Adresse de l&rsquo;hebergeur]<\/p>\n\n\n\n<p>Telephone : [Telephone de l&rsquo;hebergeur]<\/p>\n\n\n\n<p>Propriete intellectuelle :<\/p>\n\n\n\n<p>Tous les contenus du site (textes, images, videos, logo&#8230;) sont la propriete exclusive de SUAV, sauf<\/p>\n\n\n\n<p>mention contraire.<\/p>\n\n\n\n<p>Toute reproduction ou utilisation sans autorisation ecrite est interdite.<\/p>\n\n\n\n<p>Conditions d&rsquo;utilisation :<\/p>\n\n\n\n<p>L&rsquo;acc\u00e8s au site implique l&rsquo;acceptation des CGU et CGV disponibles en ligne.<\/p>\n\n\n\n<p>SUAV se reserve le droit de modifier ces documents sans preavis.Donnees personnelles et confidentialite (RGPD) :<\/p>\n\n\n\n<p>Les donnees collectees sont utilisees uniquement pour la gestion des ench\u00e8res et commandes<\/p>\n\n\n\n<p>SUAV.<\/p>\n\n\n\n<p>Aucun transfert ou revente sans consentement.<\/p>\n\n\n\n<p>Droits d&rsquo;acc\u00e8s, de modification et de suppression des donnees sur simple demande \u00e0 : [Email<\/p>\n\n\n\n<p>RGPD].<\/p>\n\n\n\n<p>Cookies :<\/p>\n\n\n\n<p>Le site utilise des cookies pour ameliorer l&rsquo;experience utilisateur.<\/p>\n\n\n\n<p>L&rsquo;utilisateur peut modifier ses preferences \u00e0 tout moment via son navigateur.<\/p>\n\n\n\n<p>Responsabilite :<\/p>\n\n\n\n<p>SUAV decline toute responsabilite en cas de :<\/p>\n\n\n\n<p>&#8211; Mauvaise utilisation du site<\/p>\n\n\n\n<p>&#8211; Probl\u00e8mes techniques independants de sa volonte<\/p>\n\n\n\n<p>&#8211; Interruptions temporaires pour maintenance<\/p>\n\n\n\n<p>Droit applicable :<\/p>\n\n\n\n<p>Les presentes mentions legales sont regies par le droit fran\u00e7ais.<\/p>\n\n\n\n<p>En cas de litige, une solution amiable sera recherchee avant toute action judiciaire.<\/p>","protected":false},"excerpt":{"rendered":"<p>Mentions legales &#8211; SUAV Derni\u00e8re mise \u00e0 jour : Juin 2025 \u00c9diteur du site : Le site https:\/\/suav.studneo.com est edite [&hellip;]<\/p>","protected":false},"author":1,"featured_media":0,"parent":0,"menu_order":0,"comment_status":"closed","ping_status":"closed","template":"","meta":{"inline_featured_image":false,"site-sidebar-layout":"default","site-content-layout":"","ast-site-content-layout":"default","site-content-style":"default","site-sidebar-style":"default","ast-global-header-display":"","ast-banner-title-visibility":"","ast-main-header-display":"","ast-hfb-above-header-display":"","ast-hfb-below-header-display":"","ast-hfb-mobile-header-display":"","site-post-title":"","ast-breadcrumbs-content":"","ast-featured-img":"","footer-sml-layout":"","theme-transparent-header-meta":"","adv-header-id-meta":"","stick-header-meta":"","header-above-stick-meta":"","header-main-stick-meta":"","header-below-stick-meta":"","astra-migrate-meta-layouts":"default","ast-page-background-enabled":"default","ast-page-background-meta":{"desktop":{"background-color":"var(--ast-global-color-5)","background-image":"","background-repeat":"repeat","background-position":"center center","background-size":"auto","background-attachment":"scroll","background-type":"","background-media":"","overlay-type":"","overlay-color":"","overlay-opacity":"","overlay-gradient":""},"tablet":{"background-color":"","background-image":"","background-repeat":"repeat","background-position":"center center","background-size":"auto","background-attachment":"scroll","background-type":"","background-media":"","overlay-type":"","overlay-color":"","overlay-opacity":"","overlay-gradient":""},"mobile":{"background-color":"","background-image":"","background-repeat":"repeat","background-position":"center center","background-size":"auto","background-attachment":"scroll","background-type":"","background-media":"","overlay-type":"","overlay-color":"","overlay-opacity":"","overlay-gradient":""}},"ast-content-background-meta":{"desktop":{"background-color":"var(--ast-global-color-4)","background-image":"","background-repeat":"repeat","background-position":"center center","background-size":"auto","background-attachment":"scroll","background-type":"","background-media":"","overlay-type":"","overlay-color":"","overlay-opacity":"","overlay-gradient":""},"tablet":{"background-color":"var(--ast-global-color-4)","background-image":"","background-repeat":"repeat","background-position":"center center","background-size":"auto","background-attachment":"scroll","background-type":"","background-media":"","overlay-type":"","overlay-color":"","overlay-opacity":"","overlay-gradient":""},"mobile":{"background-color":"var(--ast-global-color-4)","background-image":"","background-repeat":"repeat","background-position":"center center","background-size":"auto","background-attachment":"scroll","background-type":"","background-media":"","overlay-type":"","overlay-color":"","overlay-opacity":"","overlay-gradient":""}},"footnotes":""},"class_list":["post-479","page","type-page","status-publish","hentry"],"_links":{"self":[{"href":"https:\/\/suav.studneo.com\/en\/wp-json\/wp\/v2\/pages\/479","targetHints":{"allow":["GET"]}}],"collection":[{"href":"https:\/\/suav.studneo.com\/en\/wp-json\/wp\/v2\/pages"}],"about":[{"href":"https:\/\/suav.studneo.com\/en\/wp-json\/wp\/v2\/types\/page"}],"author":[{"embeddable":true,"href":"https:\/\/suav.studneo.com\/en\/wp-json\/wp\/v2\/users\/1"}],"replies":[{"embeddable":true,"href":"https:\/\/suav.studneo.com\/en\/wp-json\/wp\/v2\/comments?post=479"}],"version-history":[{"count":1,"href":"https:\/\/suav.studneo.com\/en\/wp-json\/wp\/v2\/pages\/479\/revisions"}],"predecessor-version":[{"id":480,"href":"https:\/\/suav.studneo.com\/en\/wp-json\/wp\/v2\/pages\/479\/revisions\/480"}],"wp:attachment":[{"href":"https:\/\/suav.studneo.com\/en\/wp-json\/wp\/v2\/media?parent=479"}],"curies":[{"name":"wp","href":"https:\/\/api.w.org\/{rel}","templated":true}]}}